{"id":25,"date":"2021-08-31T07:41:35","date_gmt":"2021-08-31T07:41:35","guid":{"rendered":"http:\/\/obmmakelaarsinassurantien.nl\/?page_id=25"},"modified":"2022-07-04T10:24:54","modified_gmt":"2022-07-04T10:24:54","slug":"beleid","status":"publish","type":"page","link":"https:\/\/obmmakelaarsinassurantien.nl\/en\/beleid\/","title":{"rendered":"Beleid"},"content":{"rendered":"<div data-elementor-type=\"wp-page\" data-elementor-id=\"25\" class=\"elementor elementor-25\" data-elementor-post-type=\"page\">\n\t\t\t\t\t\t<section class=\"has_eae_slider elementor-section elementor-top-section elementor-element elementor-element-6e19ef3 elementor-section-height-min-height elementor-section-full_width elementor-section-height-default elementor-section-items-middle\" data-eae-slider=\"30458\" data-id=\"6e19ef3\" data-element_type=\"section\" data-settings=\"{&quot;background_background&quot;:&quot;classic&quot;,&quot;jet_parallax_layout_list&quot;:[{&quot;jet_parallax_layout_image&quot;:{&quot;url&quot;:&quot;&quot;,&quot;id&quot;:&quot;&quot;,&quot;size&quot;:&quot;&quot;},&quot;_id&quot;:&quot;77b8505&quot;,&quot;jet_parallax_layout_image_tablet&quot;:{&quot;url&quot;:&quot;&quot;,&quot;id&quot;:&quot;&quot;,&quot;size&quot;:&quot;&quot;},&quot;jet_parallax_layout_image_mobile&quot;:{&quot;url&quot;:&quot;&quot;,&quot;id&quot;:&quot;&quot;,&quot;size&quot;:&quot;&quot;},&quot;jet_parallax_layout_speed&quot;:{&quot;unit&quot;:&quot;%&quot;,&quot;size&quot;:50,&quot;sizes&quot;:[]},&quot;jet_parallax_layout_type&quot;:&quot;scroll&quot;,&quot;jet_parallax_layout_direction&quot;:&quot;1&quot;,&quot;jet_parallax_layout_fx_direction&quot;:null,&quot;jet_parallax_layout_z_index&quot;:&quot;&quot;,&quot;jet_parallax_layout_bg_x&quot;:50,&quot;jet_parallax_layout_bg_x_tablet&quot;:&quot;&quot;,&quot;jet_parallax_layout_bg_x_mobile&quot;:&quot;&quot;,&quot;jet_parallax_layout_bg_y&quot;:50,&quot;jet_parallax_layout_bg_y_tablet&quot;:&quot;&quot;,&quot;jet_parallax_layout_bg_y_mobile&quot;:&quot;&quot;,&quot;jet_parallax_layout_bg_size&quot;:&quot;auto&quot;,&quot;jet_parallax_layout_bg_size_tablet&quot;:&quot;&quot;,&quot;jet_parallax_layout_bg_size_mobile&quot;:&quot;&quot;,&quot;jet_parallax_layout_animation_prop&quot;:&quot;transform&quot;,&quot;jet_parallax_layout_on&quot;:[&quot;desktop&quot;,&quot;tablet&quot;]}]}\">\n\t\t\t\t\t\t\t<div class=\"elementor-background-overlay\"><\/div>\n\t\t\t\t\t\t\t<div class=\"elementor-container elementor-column-gap-default\">\n\t\t\t\t\t<div class=\"has_eae_slider elementor-column elementor-col-100 elementor-top-column elementor-element elementor-element-a22d65e\" data-eae-slider=\"33467\" data-id=\"a22d65e\" data-element_type=\"column\">\n\t\t\t<div class=\"elementor-widget-wrap\">\n\t\t\t\t\t\t\t<\/div>\n\t\t<\/div>\n\t\t\t\t\t<\/div>\n\t\t<\/section>\n\t\t\t\t<section class=\"has_eae_slider elementor-section elementor-top-section elementor-element elementor-element-13946fb elementor-section-boxed elementor-section-height-default elementor-section-height-default\" data-eae-slider=\"63893\" data-id=\"13946fb\" data-element_type=\"section\" data-settings=\"{&quot;jet_parallax_layout_list&quot;:[{&quot;jet_parallax_layout_image&quot;:{&quot;url&quot;:&quot;&quot;,&quot;id&quot;:&quot;&quot;,&quot;size&quot;:&quot;&quot;},&quot;_id&quot;:&quot;2c62b39&quot;,&quot;jet_parallax_layout_image_tablet&quot;:{&quot;url&quot;:&quot;&quot;,&quot;id&quot;:&quot;&quot;,&quot;size&quot;:&quot;&quot;},&quot;jet_parallax_layout_image_mobile&quot;:{&quot;url&quot;:&quot;&quot;,&quot;id&quot;:&quot;&quot;,&quot;size&quot;:&quot;&quot;},&quot;jet_parallax_layout_speed&quot;:{&quot;unit&quot;:&quot;%&quot;,&quot;size&quot;:50,&quot;sizes&quot;:[]},&quot;jet_parallax_layout_type&quot;:&quot;scroll&quot;,&quot;jet_parallax_layout_direction&quot;:&quot;1&quot;,&quot;jet_parallax_layout_fx_direction&quot;:null,&quot;jet_parallax_layout_z_index&quot;:&quot;&quot;,&quot;jet_parallax_layout_bg_x&quot;:50,&quot;jet_parallax_layout_bg_x_tablet&quot;:&quot;&quot;,&quot;jet_parallax_layout_bg_x_mobile&quot;:&quot;&quot;,&quot;jet_parallax_layout_bg_y&quot;:50,&quot;jet_parallax_layout_bg_y_tablet&quot;:&quot;&quot;,&quot;jet_parallax_layout_bg_y_mobile&quot;:&quot;&quot;,&quot;jet_parallax_layout_bg_size&quot;:&quot;auto&quot;,&quot;jet_parallax_layout_bg_size_tablet&quot;:&quot;&quot;,&quot;jet_parallax_layout_bg_size_mobile&quot;:&quot;&quot;,&quot;jet_parallax_layout_animation_prop&quot;:&quot;transform&quot;,&quot;jet_parallax_layout_on&quot;:[&quot;desktop&quot;,&quot;tablet&quot;]}]}\">\n\t\t\t\t\t\t<div class=\"elementor-container elementor-column-gap-default\">\n\t\t\t\t\t<div class=\"has_eae_slider elementor-column elementor-col-100 elementor-top-column elementor-element elementor-element-8fa1f41\" data-eae-slider=\"66116\" data-id=\"8fa1f41\" data-element_type=\"column\">\n\t\t\t<div class=\"elementor-widget-wrap elementor-element-populated\">\n\t\t\t\t\t\t<div class=\"elementor-element elementor-element-9432a01 jet-breadcrumbs-align-tablet-left elementor-widget elementor-widget-jet-breadcrumbs\" data-id=\"9432a01\" data-element_type=\"widget\" data-widget_type=\"jet-breadcrumbs.default\">\n\t\t\t\t<div class=\"elementor-widget-container\">\n\t\t\t\t\t<div class=\"elementor-jet-breadcrumbs jet-blocks\">\n\t\t<div class=\"jet-breadcrumbs\">\n\t\t<div class=\"jet-breadcrumbs__content\">\n\t\t<div class=\"jet-breadcrumbs__wrap\"><div class=\"jet-breadcrumbs__item\"><a href=\"https:\/\/obmmakelaarsinassurantien.nl\/en\/\" class=\"jet-breadcrumbs__item-link is-home\" rel=\"home\" title=\"Home\">Home<\/a><\/div>\n\t\t<\/div>\n\t\t<\/div>\n\t\t<\/div><\/div>\t\t\t\t<\/div>\n\t\t\t\t<\/div>\n\t\t\t\t\t<\/div>\n\t\t<\/div>\n\t\t\t\t\t<\/div>\n\t\t<\/section>\n\t\t\t\t<section class=\"has_eae_slider elementor-section elementor-top-section elementor-element elementor-element-6cdbf33 elementor-section-boxed elementor-section-height-default elementor-section-height-default\" data-eae-slider=\"1465\" data-id=\"6cdbf33\" data-element_type=\"section\" data-settings=\"{&quot;jet_parallax_layout_list&quot;:[{&quot;jet_parallax_layout_image&quot;:{&quot;url&quot;:&quot;&quot;,&quot;id&quot;:&quot;&quot;,&quot;size&quot;:&quot;&quot;},&quot;_id&quot;:&quot;f2b8c3f&quot;,&quot;jet_parallax_layout_image_tablet&quot;:{&quot;url&quot;:&quot;&quot;,&quot;id&quot;:&quot;&quot;,&quot;size&quot;:&quot;&quot;},&quot;jet_parallax_layout_image_mobile&quot;:{&quot;url&quot;:&quot;&quot;,&quot;id&quot;:&quot;&quot;,&quot;size&quot;:&quot;&quot;},&quot;jet_parallax_layout_speed&quot;:{&quot;unit&quot;:&quot;%&quot;,&quot;size&quot;:50,&quot;sizes&quot;:[]},&quot;jet_parallax_layout_type&quot;:&quot;scroll&quot;,&quot;jet_parallax_layout_direction&quot;:&quot;1&quot;,&quot;jet_parallax_layout_fx_direction&quot;:null,&quot;jet_parallax_layout_z_index&quot;:&quot;&quot;,&quot;jet_parallax_layout_bg_x&quot;:50,&quot;jet_parallax_layout_bg_x_tablet&quot;:&quot;&quot;,&quot;jet_parallax_layout_bg_x_mobile&quot;:&quot;&quot;,&quot;jet_parallax_layout_bg_y&quot;:50,&quot;jet_parallax_layout_bg_y_tablet&quot;:&quot;&quot;,&quot;jet_parallax_layout_bg_y_mobile&quot;:&quot;&quot;,&quot;jet_parallax_layout_bg_size&quot;:&quot;auto&quot;,&quot;jet_parallax_layout_bg_size_tablet&quot;:&quot;&quot;,&quot;jet_parallax_layout_bg_size_mobile&quot;:&quot;&quot;,&quot;jet_parallax_layout_animation_prop&quot;:&quot;transform&quot;,&quot;jet_parallax_layout_on&quot;:[&quot;desktop&quot;,&quot;tablet&quot;]}]}\">\n\t\t\t\t\t\t<div class=\"elementor-container elementor-column-gap-default\">\n\t\t\t\t\t<div class=\"has_eae_slider elementor-column elementor-col-100 elementor-top-column elementor-element elementor-element-8612642\" data-eae-slider=\"33679\" data-id=\"8612642\" data-element_type=\"column\">\n\t\t\t<div class=\"elementor-widget-wrap elementor-element-populated\">\n\t\t\t\t\t\t<div class=\"elementor-element elementor-element-cd9c14b elementor-widget elementor-widget-text-editor\" data-id=\"cd9c14b\" data-element_type=\"widget\" data-widget_type=\"text-editor.default\">\n\t\t\t\t<div class=\"elementor-widget-container\">\n\t\t\t\t\t\t\t\t\t<p><span style=\"text-decoration: underline;\">Conflicterende belangen<\/span><\/p>\t\t\t\t\t\t\t\t<\/div>\n\t\t\t\t<\/div>\n\t\t\t\t<div class=\"elementor-element elementor-element-8d07fb5 elementor-widget elementor-widget-text-editor\" data-id=\"8d07fb5\" data-element_type=\"widget\" data-widget_type=\"text-editor.default\">\n\t\t\t\t<div class=\"elementor-widget-container\">\n\t\t\t\t\t\t\t\t\t<p><strong>Wanneer is sprake van een conflicterende situatie?<\/strong><\/p><p>Doordat medewerkers van OBM Makelaars in Assuranti\u00ebn B.V. werkzaamheden verrichten voor zowel OBM Makelaars in Assuranti\u00ebn als OBM Assuradeuren B.V., kan het gebeuren dat een zogenaamde conflicterende situatie ontstaat tussen het uitvoeren van de functie bij beide bedrijven.<br \/>Er kan onder andere sprake zijn van een conflicterende situatie bij:<\/p><ul><li>onterechte acceptatie of afwijzing van een risico<\/li><li>onterechte toestemming tot wijziging of be\u00ebindiging van een verzekering<\/li><li>onterecht verlengen van een verzekering<\/li><li>onterecht accepteren of afwijzen van een schade<\/li><li>onterecht informatie achterhouden.<\/li><\/ul>\t\t\t\t\t\t\t\t<\/div>\n\t\t\t\t<\/div>\n\t\t\t\t<div class=\"elementor-element elementor-element-d260d66 elementor-widget elementor-widget-text-editor\" data-id=\"d260d66\" data-element_type=\"widget\" data-widget_type=\"text-editor.default\">\n\t\t\t\t<div class=\"elementor-widget-container\">\n\t\t\t\t\t\t\t\t\t<p><strong>Wat is ons beleid bij een conflicterende situatie?<\/strong><\/p><p>Op het moment dat zich een conflicterende situatie voordoet, vindt er een zorgvuldige afweging plaats.<br \/>De verantwoordelijke voor OBM Assuradeuren B.V. (feitelijk leider genoemd) beoordeelt de conflicterende situatie. Vervolgens beslist hij\/zij wat er moet gebeuren. Dit gebeurt volgens een speciaal voor deze situatie gemaakte afspraak: het protocol conflicterende situatie.<br \/>Protocol conflicterende situatie:<br \/>Om te zorgen dat er duidelijkheid is over wie de rol van bemiddelaar en wie de rol van gevolmachtigde vervult, is het volgende beleid geformuleerd:<\/p><ul><li>De feitelijke leider van OBM Assuradeuren B.V. is eindverantwoordelijke voor het volmacht beleid.<\/li><li>Tussen OBM Makelaars in Assuranti\u00ebn B.V. en OBM Assuradeuren B.V. zijn strikte afspraken gemaakt (procedures vastgesteld) over het accepteren en wijzigen van verzekeringen en de afhandeling van schades.<br \/>In deze afspraken is duidelijk omschreven wat de processtappen en controlemomenten zijn. De feitelijke werkzaamheden die namens verzekeringsmaatschappijen worden gedaan, worden uitsluitend geaccordeerd en\/of uitgevoerd door medewerkers die voor OBM Assuradeuren B.V. werken.<\/li><li>Als de afspraken niet duidelijk genoeg uitleggen hoe er in bepaalde situaties gehandeld moet worden, neemt de feitelijke leider van OBM Assuradeuren B.V. hierover een beslissing.<\/li><li>Van deze afspraken wordt alleen afgeweken als de feitelijk leider van OBM Assuradeuren B.V. hier schriftelijk toestemming voor geeft.<\/li><li>Wanneer de afwijking buiten de bevoegdheden van de verleende volmacht valt, mag van de beschreven procedures worden afgeweken na schriftelijke toestemming van zowel de feitelijk leider van OBM Assuradeuren B.V. als van de volmachtgever.<\/li><li>Als het gebeurt dat er bij de behandeling van een schade over de schuldvraag tussen twee of meer klanten een conflict ontstaat, dan wordt het schadedossier geheel of gedeeltelijk verder behandeld door de betrokken volmachtgever.<\/li><\/ul>\t\t\t\t\t\t\t\t<\/div>\n\t\t\t\t<\/div>\n\t\t\t\t<div class=\"elementor-element elementor-element-f4a55bb elementor-widget elementor-widget-text-editor\" data-id=\"f4a55bb\" data-element_type=\"widget\" data-widget_type=\"text-editor.default\">\n\t\t\t\t<div class=\"elementor-widget-container\">\n\t\t\t\t\t\t\t\t\t<p><span style=\"text-decoration: underline;\">Fraude<\/span><\/p>\t\t\t\t\t\t\t\t<\/div>\n\t\t\t\t<\/div>\n\t\t\t\t<div class=\"elementor-element elementor-element-e2b2574 elementor-widget elementor-widget-text-editor\" data-id=\"e2b2574\" data-element_type=\"widget\" data-widget_type=\"text-editor.default\">\n\t\t\t\t<div class=\"elementor-widget-container\">\n\t\t\t\t\t\t\t\t\t<p><strong>Hoe gaat OBM Makelaars in Assuranti\u00ebn met fraude om?<br><\/strong><span style=\"color: var( --e-global-color-text );\"><br>Vertrouwen is essentieel bij het bieden van zekerheid en dat is een van de uitgangspunten van OBM Makelaars in Assuranti\u00ebn. Uit diverse onderzoeken blijkt echter dat een kleine groep relaties dit vertrouwen misbruikt door fraude te plegen. Tegelijkertijd blijkt uit dezelfde onderzoeken dat relaties van mening zijn dat verzekeringsfraude harder moet worden aangepakt.<\/span><\/p>\t\t\t\t\t\t\t\t<\/div>\n\t\t\t\t<\/div>\n\t\t\t\t<div class=\"elementor-element elementor-element-d2d5f24 elementor-widget elementor-widget-text-editor\" data-id=\"d2d5f24\" data-element_type=\"widget\" data-widget_type=\"text-editor.default\">\n\t\t\t\t<div class=\"elementor-widget-container\">\n\t\t\t\t\t\t\t\t\tWat verstaan wij eigenlijk onder fraude?\u00a0\n\nOnder verzekeringsfraude wordt verstaan: het misbruik maken van een verzekeringsproduct of dienst door de verzekeringnemer, verzekerde of de begunstigde om een prestatie te verkrijgen waarop met geen recht heeft.\nEen aantal voorbeelden van fraude:\n\n<ul>\n<li>Het niet eerlijk geven van informatie aan de verzekeraar<\/li>\n<li>Het niet eerlijk vertellen wat er is gebeurd<\/li>\n<li>Het veranderen van bedragen op aankoopnota\u2019s<\/li>\n<li>Meer claimen dan de geleden schade<\/li>\n<li>Een afgewezen schade nogmaals opgeven, met een ander verhaal.<\/li>\n<\/ul>\n\n\n\n\n\n\n\t\t\t\t\t\t\t\t<\/div>\n\t\t\t\t<\/div>\n\t\t\t\t<div class=\"elementor-element elementor-element-8d0a62a elementor-widget elementor-widget-text-editor\" data-id=\"8d0a62a\" data-element_type=\"widget\" data-widget_type=\"text-editor.default\">\n\t\t\t\t<div class=\"elementor-widget-container\">\n\t\t\t\t\t\t\t\t\t<p><strong>Hoe sporen wij fraude op?<\/strong><\/p>\n<ul>\n<li>Verzekeraars en gevolmachtigden beschikken over fraude-indicatoren<\/li>\n<li>Verzekeraars werken met geautomatiseerde kennissystemen, die speciaal zijn ingericht om fraudes te detecteren<\/li>\n<li>De markt verzamelt schadehistorie en specifieke fraudeinformatie in een marktbreed systeem (FISH), dat de opsporing van fraude beter mogelijk maakt.<br>\nU ondervindt hier het voordeel van. We versnellen namelijk met deze maatregelen het afhandelingsproces van terechte schadeclaims en bieden u daarmee een hoger serviceniveau.<\/li>\n<\/ul>\t\t\t\t\t\t\t\t<\/div>\n\t\t\t\t<\/div>\n\t\t\t\t<div class=\"elementor-element elementor-element-7841460 elementor-widget elementor-widget-text-editor\" data-id=\"7841460\" data-element_type=\"widget\" data-widget_type=\"text-editor.default\">\n\t\t\t\t<div class=\"elementor-widget-container\">\n\t\t\t\t\t\t\t\t\t<p><b>Welke maatregelen treffen wij bij fraude?<\/b><\/p>\n<p>Onze organisatie heeft een fraudecontactpersoon aangesteld. Onze fraudecontactpersoon is mw. M. (Marlou) Onderdijk. Als er sprake is van fraude of het vermoeden hiervan, dan dragen wij de schadebehandeling over aan de volmachtgever. Mocht deze tot de conclusie komen dat er sprake is van fraude, dan kunnen wij een aantal maatregelen nemen, zoals:<\/p>\n<ul>\n<li>De schade wordt niet vergoed of \u2013 indien reeds betaald \u2013 teruggevorderd.<\/li>\n<li>Opzegging van de verzekering. Dat geldt ook voor andere verzekeringen, die in onze volmacht zijn ondergebracht.<\/li>\n<li>Uitsluiting van andere verzekeringen in de toekomst.<\/li>\n<li>De verzekeraar plaatst u op een interne incidentenlijst.<\/li>\n<li>Wij melden de fraude aan bij de Stichting CIS, die een \u2018incidentenregistratie\u2019 bijhoud. Dit register wordt ook door andere verzekeraars en gevolmachtigden in Nederland geraadpleegd. Meer hierover staat vermeld in het Protocol Incidenten waarschuwingssystemen Financi\u00eble Instellingen. Wilt u meer informatie over de Stichting CIS kijk dan op www.stichtingcis.nl<\/li>\n<li>Aangifte bij de politie.<\/li>\n<\/ul>\t\t\t\t\t\t\t\t<\/div>\n\t\t\t\t<\/div>\n\t\t\t\t<div class=\"elementor-element elementor-element-990ff02 elementor-widget elementor-widget-text-editor\" data-id=\"990ff02\" data-element_type=\"widget\" data-widget_type=\"text-editor.default\">\n\t\t\t\t<div class=\"elementor-widget-container\">\n\t\t\t\t\t\t\t\t\t<p><strong>U bent goed verzekerd bij OBM Makelaars in Assuranti\u00ebn B.V.<\/strong><\/p>\n<p>Via uw premie betaalt u mee aan het fraudegedrag van anderen. Dit willen we natuurlijk voorkomen. Daarom doen wij aan fraudebestrijding.<\/p>\n<p><b style=\"color: var( --e-global-color-text );\">Beloningsbeleid<\/b><br><\/p>\n<p>In het beloningsbeleid komen klantbelang en de uitgangspunten van onze arbeidsvoorwaarden tot uiting. Arbeidsvoorwaarden die zich kenmerken door flexibiliteit.<\/p>\n<p>Het inkomen van OBM collega\u2019s bestaat uit de volgende componenten:<\/p><p><ul><li>Vast salaris<\/li><li>Variabel salaris<\/li><\/ul><\/p>\n<p>De hoogte van de beloning is gebaseerd op functiezwaarte en ervaring.<\/p>\n<p>Alle collega\u2019s maken jaarlijks met hun manager afspraken voor de komende periode. Klantgerichtheid, kwaliteit van de dienstverlening, professionaliteit ontwikkeling van competenties staan hierbij centraal. De afspraken zijn nooit meer dan 50% gerelateerd aan financi\u00eble doelstellingen. Aan het einde van het jaar wordt vervolgens ge\u00ebvalueerd in hoeverre de afspraken gerealiseerd zijn. Deze evaluatie is bepalend voor de eventuele groei in salaris en totstandkoming van de variabele beloning.<\/p>\n<p>OBM wil met dit verantwoorde en transparante beloningsbeleid allereerst het klantbelang dienen en voldoet hiermee aan de regels die de wetgever stelt (Wet beloningsbeleid financi\u00eble ondernemingen) en aan de richtlijnen van de AFM (Autoriteit Financi\u00eble Markten) en DNB (De Nederlandse Bank) die er op toezien dat financi\u00eble ondernemingen een beheerst beloningsbeleid voeren.<\/p>\n<p>Voor vragen of opmerkingen, neem contact met ons op.<\/p>\n<div>&nbsp;<\/div>\t\t\t\t\t\t\t\t<\/div>\n\t\t\t\t<\/div>\n\t\t\t\t<div class=\"elementor-element elementor-element-67924ab elementor-tablet-align-left elementor-mobile-align-center elementor-widget elementor-widget-button\" data-id=\"67924ab\" data-element_type=\"widget\" data-widget_type=\"button.default\">\n\t\t\t\t<div class=\"elementor-widget-container\">\n\t\t\t\t\t\t\t\t\t<div class=\"elementor-button-wrapper\">\n\t\t\t\t\t<a class=\"elementor-button elementor-button-link elementor-size-sm\" href=\"\/en\/contact\/\">\n\t\t\t\t\t\t<span class=\"elementor-button-content-wrapper\">\n\t\t\t\t\t\t\t\t\t<span class=\"elementor-button-text\">Contact<\/span>\n\t\t\t\t\t<\/span>\n\t\t\t\t\t<\/a>\n\t\t\t\t<\/div>\n\t\t\t\t\t\t\t\t<\/div>\n\t\t\t\t<\/div>\n\t\t\t\t\t<\/div>\n\t\t<\/div>\n\t\t\t\t\t<\/div>\n\t\t<\/section>\n\t\t\t\t<\/div>","protected":false},"excerpt":{"rendered":"<p>Home Conflicterende belangen Wanneer is sprake van een conflicterende situatie? Doordat medewerkers van OBM Makelaars in Assuranti\u00ebn B.V. werkzaamheden verrichten voor zowel OBM Makelaars in Assuranti\u00ebn als OBM Assuradeuren B.V., kan het gebeuren dat een zogenaamde conflicterende situatie ontstaat tussen het uitvoeren van de functie bij beide bedrijven.Er kan onder andere sprake zijn van een [&hellip;]<\/p>","protected":false},"author":6,"featured_media":0,"parent":0,"menu_order":0,"comment_status":"closed","ping_status":"closed","template":"","meta":{"footnotes":""},"class_list":["post-25","page","type-page","status-publish","hentry"],"yoast_head":"<!-- This site is optimized with the Yoast SEO plugin v26.3 - https:\/\/yoast.com\/wordpress\/plugins\/seo\/ -->\n<title>Beleid - OBM Makelaars in Assuranti\u00ebn<\/title>\n<meta name=\"description\" content=\"Lees hier meer over hoe OBM Makelaars in Assuranti\u00ebn omgaat met conflicterende belangen en eventuele fraude.\" \/>\n<meta name=\"robots\" content=\"index, follow, max-snippet:-1, max-image-preview:large, max-video-preview:-1\" \/>\n<link rel=\"canonical\" href=\"https:\/\/obmmakelaarsinassurantien.nl\/en\/beleid\/\" \/>\n<meta property=\"og:locale\" content=\"en_GB\" \/>\n<meta property=\"og:type\" content=\"article\" \/>\n<meta property=\"og:title\" content=\"Beleid - OBM Makelaars in Assuranti\u00ebn\" \/>\n<meta property=\"og:description\" content=\"Lees hier meer over hoe OBM Makelaars in Assuranti\u00ebn omgaat met conflicterende belangen en eventuele fraude.\" \/>\n<meta property=\"og:url\" content=\"https:\/\/obmmakelaarsinassurantien.nl\/en\/beleid\/\" \/>\n<meta property=\"og:site_name\" content=\"OBM Makelaars in Assuranti\u00ebn\" \/>\n<meta property=\"article:modified_time\" content=\"2022-07-04T10:24:54+00:00\" \/>\n<meta name=\"twitter:card\" content=\"summary_large_image\" \/>\n<meta name=\"twitter:label1\" content=\"Estimated reading time\" \/>\n\t<meta name=\"twitter:data1\" content=\"5 minutes\" \/>\n<script type=\"application\/ld+json\" class=\"yoast-schema-graph\">{\"@context\":\"https:\/\/schema.org\",\"@graph\":[{\"@type\":\"WebPage\",\"@id\":\"https:\/\/obmmakelaarsinassurantien.nl\/beleid\/\",\"url\":\"https:\/\/obmmakelaarsinassurantien.nl\/beleid\/\",\"name\":\"Beleid - OBM Makelaars in Assuranti\u00ebn\",\"isPartOf\":{\"@id\":\"https:\/\/obmmakelaarsinassurantien.nl\/en\/#website\"},\"datePublished\":\"2021-08-31T07:41:35+00:00\",\"dateModified\":\"2022-07-04T10:24:54+00:00\",\"description\":\"Lees hier meer over hoe OBM Makelaars in Assuranti\u00ebn omgaat met conflicterende belangen en eventuele fraude.\",\"breadcrumb\":{\"@id\":\"https:\/\/obmmakelaarsinassurantien.nl\/beleid\/#breadcrumb\"},\"inLanguage\":\"en-GB\",\"potentialAction\":[{\"@type\":\"ReadAction\",\"target\":[\"https:\/\/obmmakelaarsinassurantien.nl\/beleid\/\"]}]},{\"@type\":\"BreadcrumbList\",\"@id\":\"https:\/\/obmmakelaarsinassurantien.nl\/beleid\/#breadcrumb\",\"itemListElement\":[{\"@type\":\"ListItem\",\"position\":1,\"name\":\"Home\",\"item\":\"https:\/\/obmmakelaarsinassurantien.nl\/en\/\"},{\"@type\":\"ListItem\",\"position\":2,\"name\":\"Beleid\"}]},{\"@type\":\"WebSite\",\"@id\":\"https:\/\/obmmakelaarsinassurantien.nl\/en\/#website\",\"url\":\"https:\/\/obmmakelaarsinassurantien.nl\/en\/\",\"name\":\"OBM Makelaars in Assuranti\u00ebn\",\"description\":\"\",\"potentialAction\":[{\"@type\":\"SearchAction\",\"target\":{\"@type\":\"EntryPoint\",\"urlTemplate\":\"https:\/\/obmmakelaarsinassurantien.nl\/en\/?s={search_term_string}\"},\"query-input\":{\"@type\":\"PropertyValueSpecification\",\"valueRequired\":true,\"valueName\":\"search_term_string\"}}],\"inLanguage\":\"en-GB\"}]}<\/script>\n<!-- \/ Yoast SEO plugin. -->","yoast_head_json":{"title":"Beleid - OBM Makelaars in Assuranti\u00ebn","description":"Lees hier meer over hoe OBM Makelaars in Assuranti\u00ebn omgaat met conflicterende belangen en eventuele fraude.","robots":{"index":"index","follow":"follow","max-snippet":"max-snippet:-1","max-image-preview":"max-image-preview:large","max-video-preview":"max-video-preview:-1"},"canonical":"https:\/\/obmmakelaarsinassurantien.nl\/en\/beleid\/","og_locale":"en_GB","og_type":"article","og_title":"Beleid - OBM Makelaars in Assuranti\u00ebn","og_description":"Lees hier meer over hoe OBM Makelaars in Assuranti\u00ebn omgaat met conflicterende belangen en eventuele fraude.","og_url":"https:\/\/obmmakelaarsinassurantien.nl\/en\/beleid\/","og_site_name":"OBM Makelaars in Assuranti\u00ebn","article_modified_time":"2022-07-04T10:24:54+00:00","twitter_card":"summary_large_image","twitter_misc":{"Estimated reading time":"5 minutes"},"schema":{"@context":"https:\/\/schema.org","@graph":[{"@type":"WebPage","@id":"https:\/\/obmmakelaarsinassurantien.nl\/beleid\/","url":"https:\/\/obmmakelaarsinassurantien.nl\/beleid\/","name":"Beleid - OBM Makelaars in Assuranti\u00ebn","isPartOf":{"@id":"https:\/\/obmmakelaarsinassurantien.nl\/en\/#website"},"datePublished":"2021-08-31T07:41:35+00:00","dateModified":"2022-07-04T10:24:54+00:00","description":"Lees hier meer over hoe OBM Makelaars in Assuranti\u00ebn omgaat met conflicterende belangen en eventuele fraude.","breadcrumb":{"@id":"https:\/\/obmmakelaarsinassurantien.nl\/beleid\/#breadcrumb"},"inLanguage":"en-GB","potentialAction":[{"@type":"ReadAction","target":["https:\/\/obmmakelaarsinassurantien.nl\/beleid\/"]}]},{"@type":"BreadcrumbList","@id":"https:\/\/obmmakelaarsinassurantien.nl\/beleid\/#breadcrumb","itemListElement":[{"@type":"ListItem","position":1,"name":"Home","item":"https:\/\/obmmakelaarsinassurantien.nl\/en\/"},{"@type":"ListItem","position":2,"name":"Beleid"}]},{"@type":"WebSite","@id":"https:\/\/obmmakelaarsinassurantien.nl\/en\/#website","url":"https:\/\/obmmakelaarsinassurantien.nl\/en\/","name":"OBM Makelaars in Assuranti\u00ebn","description":"","potentialAction":[{"@type":"SearchAction","target":{"@type":"EntryPoint","urlTemplate":"https:\/\/obmmakelaarsinassurantien.nl\/en\/?s={search_term_string}"},"query-input":{"@type":"PropertyValueSpecification","valueRequired":true,"valueName":"search_term_string"}}],"inLanguage":"en-GB"}]}},"_links":{"self":[{"href":"https:\/\/obmmakelaarsinassurantien.nl\/en\/wp-json\/wp\/v2\/pages\/25","targetHints":{"allow":["GET"]}}],"collection":[{"href":"https:\/\/obmmakelaarsinassurantien.nl\/en\/wp-json\/wp\/v2\/pages"}],"about":[{"href":"https:\/\/obmmakelaarsinassurantien.nl\/en\/wp-json\/wp\/v2\/types\/page"}],"author":[{"embeddable":true,"href":"https:\/\/obmmakelaarsinassurantien.nl\/en\/wp-json\/wp\/v2\/users\/6"}],"replies":[{"embeddable":true,"href":"https:\/\/obmmakelaarsinassurantien.nl\/en\/wp-json\/wp\/v2\/comments?post=25"}],"version-history":[{"count":5,"href":"https:\/\/obmmakelaarsinassurantien.nl\/en\/wp-json\/wp\/v2\/pages\/25\/revisions"}],"predecessor-version":[{"id":3467,"href":"https:\/\/obmmakelaarsinassurantien.nl\/en\/wp-json\/wp\/v2\/pages\/25\/revisions\/3467"}],"wp:attachment":[{"href":"https:\/\/obmmakelaarsinassurantien.nl\/en\/wp-json\/wp\/v2\/media?parent=25"}],"curies":[{"name":"wp","href":"https:\/\/api.w.org\/{rel}","templated":true}]}}